{"id":7146,"date":"2018-06-28T09:15:24","date_gmt":"2018-06-28T08:15:24","guid":{"rendered":"https:\/\/blog.filasolutions.com\/privacy\/"},"modified":"2020-10-20T20:10:22","modified_gmt":"2020-10-20T18:10:22","slug":"privacy","status":"publish","type":"page","link":"https:\/\/blog.filasolutions.com\/de\/privacy\/","title":{"rendered":"Privacy"},"content":{"rendered":"<p><strong>DATENSCHUTZERKL\u00c4RUNG DIESER WEBSITE<\/strong><\/p>\r\n\r\n<p><strong>Zweck der Information<\/strong><br \/>\r\nDer Zweck dieser Seite ist es, zu beschreiben, wie man die Website mit Bezug auf die Verarbeitung der pers\u00f6nlichen Daten der Nutzer, die sie konsultieren, die nach den Regeln der Rechtm\u00e4\u00dfigkeit, Fairness, Relevanz und nicht \u00dcberschreitung verarbeitet werden.<br \/>\r\n<br \/>\r\nDies ist eine Information die mit den <em>Webdiensten<\/em>von Fila Industria Chimica Spa interagieren, zug\u00e4nglich \u00fcber das Internet unter der Adresse:filasolutions.com, entsprechend der Homepage der offiziellen Website von Fila Industria Chimica Spa entspricht.<br \/>\r\n<br \/>\r\nDie Informationen werden nur f\u00fcr die Seite von Fila Industria Chimica Spa zur Verf\u00fcgung gestellt und nicht f\u00fcr andere <em>Web<\/em> -Seiten, die m\u00f6glicherweise vom Benutzer \u00fcber <em>link<\/em>aufgerufen werden.<br \/>\r\n<br \/>\r\n<strong>INHABER UND VERANTWORTLICHER<\/strong><br \/>\r\nDer Inhaber der beschriebenen Verarbeitung ist Fila Industria Chimica Spa, mit Sitz in Via Garibaldi, 58 - 35018 San Martino di Lupari (PD) - Italy.<br \/>\r\nDie Verarbeitungsvorg\u00e4nge werden von den vom f\u00fcr die Verarbeitung Verantwortlichen und\/oder vom Datenverarbeiter benannten Vertriebspartnern durchgef\u00fchrt, die unter ihrer direkten Aufsicht gem\u00e4\u00df den erhaltenen Anweisungen arbeiten.<\/p>\r\n\r\n<p><br \/>\r\n<strong>PERSONEN, DENEN DIE PERSONENBEZOGENEN DATEN MITGETEILT WERDEN ODER DIE SIE IN IHRER EIGENSCHAFT ALS DATENVERARBEITER ODER -VERARBEITER ERFAHREN K\u00d6NNEN<\/strong><br \/>\r\nIhre Daten k\u00f6nnen an externe Unternehmen weitergegeben werden, deren Zusammenarbeit Fila Industria Chimica Spa in Betracht zieht, die in jedem Fall die Annahme von Sicherheits- und Vertraulichkeitskriterien gew\u00e4hrleisten, die denen von Fila Industria Chimica Spa entsprechen, und die als externe Datenverarbeiter fungieren.<\/p>\r\n\r\n<p>Ihre pers\u00f6nlichen Daten k\u00f6nnen an Dritte, um gesetzlichen Verpflichtungen nachzukommen oder Anordnungen von Beh\u00f6rden zu befolgen oder ein Recht vor Gericht auszu\u00fcben, weitergegeben werden. Dar\u00fcber hinaus d\u00fcrfen Ihre Daten vorbehaltlich Ihrer Zustimmung an Dritte weitergegeben werden, wie in Punkt d) der Informationen angegeben.<\/p>\r\n\r\n<p><strong>BEHANDELTE DATENTYPEN<\/strong><br \/>\r\n<em>Daten \u00fcber Ihre Navigation<\/em><br \/>\r\nDie Informatiksysteme und\u00a0 <em>Softwareverfahren<\/em>, die zur Funktion dieser\u00a0 <em>Webseite<\/em> beitragen, sammeln w\u00e4hrend der Navigation und im Verlauf Ihrer Seitenbesuche einige pers\u00f6nliche Daten (<em>log files<\/em>), die bei \u00dcbertragungen von Daten im Internet g\u00e4ngig und Teil der Kommunikation sind.<br \/>\r\n<br \/>\r\nDabei handelt es sich um Informationen, die nicht erhoben werden, um identifizierten Interessenten zugeordnet zu werden, die aber ihrer Natur nach durch Verarbeitung und Verkn\u00fcpfung mit Daten Dritter eine Identifizierung der Nutzer erm\u00f6glichen k\u00f6nnten.<br \/>\r\n<br \/>\r\nZu dieser Kategorie von Daten geh\u00f6ren IP-Adressen oder Dom\u00e4nenamen der von den Nutzern verwendeten Computer, die sich auf die Webseite begeben, die Adressen in der <em>URL-Notierung (Uniform Resource Identifier)<\/em>\u00a0 der aufgerufenen Ressourcen, die Uhrzeit des Aufrufs, die Methode, die zum Weiterleiten des Aufrufs an den Server benutzt wurde, die Gr\u00f6\u00dfe der erhaltenen Antwortdatei, des Zahlencodes, der den Status der vom <em>Server<\/em>\u00a0 gegebenen Antwort angibt (erfolgreich, Fehler usw.), sowie andere Parameter bez\u00fcglich des Betriebssystems und der Informatikumgebung des Nutzers.<br \/>\r\n<br \/>\r\nDiese Daten werden nur verwendet, um anonyme statistische Informationen \u00fcber die Benutzung der Webseite zu erhalten und um einen ordnungsgem\u00e4\u00dfen Betrieb zu gew\u00e4hrleisten. Die Daten k\u00f6nnten verwendet werden, um die Verantwortlichkeit bei hypothetischen IT-Straftaten zu Lasten der Website zu ermitteln, und k\u00f6nnen den Justizbeh\u00f6rden vorgelegt werden, wenn diese ausdr\u00fccklich darum ersuchen.<\/p>\r\n\r\n<p><em>Vom Nutzer freiwillig gelieferte Daten<br \/>\r\n\u00a0<\/em><br \/>\r\nDas fakultative, ausdr\u00fcckliche und freiwillige Versenden von E-Mails an die auf dieser Website angegebenen Adressen f\u00fchrt zur darauf folgenden Erfassung der f\u00fcr die Beantwortung der Anfragen n\u00f6tigen Anschrift des Absenders sowie von weiteren in der Botschaft enthaltenen pers\u00f6nlichen Daten.<br \/>\r\n<br \/>\r\nSpezifische zusammenfassende Informationen werden fortlaufend auf den Seiten der Webseite, die f\u00fcr spezielle angeforderte Dienste ausgelegt sind, angegeben oder angezeigt.<\/p>\r\n\r\n<p><strong>INFORMATIONEN \u00dcBER COOKIES<\/strong><br \/>\r\n<em>Was ist ein Cookie?<\/em><br \/>\r\n<br \/>\r\nWas ist ein Cookie? Ein Cookie ist eine kleine Textdatei, die vom Computer, wenn eine Website von einem Benutzer besucht wird, gespeichert wird. Der Text speichert Informationen, die die Website lesen kann, wenn sie zu einem sp\u00e4teren Zeitpunkt erneut aufgerufen wird. Einige dieser Cookies sind f\u00fcr das ordnungsgem\u00e4\u00dfe Funktionieren der Website erforderlich, andere sind f\u00fcr den Besucher n\u00fctzlich, da sie beispielsweise den Benutzernamen oder die Spracheinstellungen, auf sichere Weise, speichern k\u00f6nnen. Der Vorteil der Installation von Cookies auf Ihrem Computer besteht darin, dass Sie nicht mehr jedes Mal, wenn Sie auf eine zuvor besuchte Website zugreifen m\u00f6chten, die gleichen Informationen eingeben m\u00fcssen.<br \/>\r\n<br \/>\r\n<em>Warum verwendet <\/em>[REGIONE SOCIALE] <em>Cookies?<\/em><br \/>\r\n<br \/>\r\n[REGIONE SOCIALE] verwendet Cookies, um seinen Kunden ein Navigationserlebnis zu bieten, das so weit wie m\u00f6glich nach seinem Geschmack und seinen Vorlieben gestaltet ist. Durch Cookies stellt [REGIONE SOCIALE] sicher, dass bei jedem Besuch der Website nicht dieselben Informationen empfangen oder eingegeben werden m\u00fcssen. Cookies werden auch verwendet, um die Leistung der Website zu optimieren: Sie erleichtern sowohl den endg\u00fcltigen Kaufprozess als auch die schnelle Suche nach bestimmten Artikeln und Produkten innerhalb der Website. Zum Schutz ihrer personenbezogenen Daten vor Verlust und jeder Form der unrechtm\u00e4\u00dfigen Verarbeitung hat [REGIONE SOCIALE] geeignete technische und organisatorische Ma\u00dfnahmen ergriffen.<br \/>\r\n<br \/>\r\n<em>Erstteil Cookies<\/em><br \/>\r\n<br \/>\r\nErstteil Cookies (First-Part-Cookies) sind Cookies, die vom Betreiber der Website,\u00a0 auf der der Benutzer surft, generiert und verwendet werden. Diese technischen und Performance-Cookies beschr\u00e4nken sich im ersten Fall auf die \u00dcbertragung von Session-Identifikatoren (bestehend aus vom Server generierten Zufallszahlen), die eine sichere und effiziente Navigation auf der Website erm\u00f6glichen; im zweiten Fall werden sie zu statistischen Zwecken verwendet, um eindeutige Nutzer, angezeigte oder heruntergeladene Inhalte usw., wie zum Beispiel bei Google Analytics, zu erkennen. Die Daten werden anonymisiert gespeichert und in aggregierter Form verwendet. Um insbesondere Google Analytics-Cookies zu deaktivieren, k\u00f6nnen Sie ein spezielles Add-on von Google verwenden. Um es zu installieren <a href=\"https:\/\/tools.google.com\/dlpage\/gaoptout?hl=it\" target=\"_blank\">klicken Sie hier<\/a>.<br \/>\r\n<br \/>\r\n<em>Cookies von Drittanbietern<\/em><br \/>\r\n<br \/>\r\nDie Cookies von Drittanbietern (Third-Party-Cookies), wie sie beispielsweise auf der Facebook-Schaltfl\u00e4che \u201eGef\u00e4llt mir \u201c verwendet wird, sind Cookies, die von anderen Parteien als dem Betreiber der Website, auf der der Nutzer gerade surft, generiert und verwendet werden, und zwar auf der Grundlage von Vertr\u00e4gen zwischen dem Eigent\u00fcmer der Website und dem verbundenen Dritten. Einige Werbetreibende verwenden diese Cookies, um Nutzerbesuche auf den Websites zu verfolgen, auf denen sie ihre Dienste anbieten..<br \/>\r\n<br \/>\r\n<em>Wie kann ich Cookies deaktivieren?<\/em><br \/>\r\n<br \/>\r\nSie k\u00f6nnen Ihren Browser so einstellen, dass Cookies durch ein sehr einfaches Verfahren deaktiviert werden. Achtung: Durch das Deaktivieren von Cookies werden Benutzername und Passwort nicht mehr in der Login-Box der Website gespeichert.<\/p>\r\n\r\n<p><strong>Mozilla Firefox:<\/strong><\/p>\r\n\r\n<ol>\r\n\t<li>\u00d6ffnen Sie Firefox<\/li>\r\n\t<li>Dr\u00fccken Sie die Taste \u201eAlt\u201c auf der Tastatur.<\/li>\r\n\t<li>W\u00e4hlen Sie in der Symbolleiste oben im Browser \u201eExtras \u201c und dann \u201eOptionen\u201c.<\/li>\r\n\t<li>W\u00e4hlen Sie dann die Datei \u201eDatenschutz \u201c.<\/li>\r\n\t<li>Gehen Sie zu \u201eVerlaufseinstellungen:\u201c und dann \u201eBenutzerdefinierte Einstellungen verwenden\u201c. Deaktivieren Sie \u201eCookies von Websites akzeptieren\u201c und speichern Sie Ihre Einstellungen.<\/li>\r\n<\/ol>\r\n\r\n<p><strong>Internet Explorer:<\/strong><\/p>\r\n\r\n<ol>\r\n\t<li>\u00d6ffnen Sie Internet Explorer.<\/li>\r\n\t<li>Klicken Sie auf das Symbol \u201eExtras\u201c und dann auf \u201eInternetoptionen\u201c.<\/li>\r\n\t<li>W\u00e4hlen Sie die Registerkarte \u201eDatenschutz\u201c und bewegen Sie den Schieberegler auf die gew\u00fcnschte Privatsph\u00e4re-Ebene (nach oben, um alle Cookies zu blockieren oder nach unten, um alle zuzulassen).<\/li>\r\n\t<li>Klicken Sie dann auf OK.<\/li>\r\n<\/ol>\r\n\r\n<p><strong>Google Chrome:<\/strong><\/p>\r\n\r\n<ol>\r\n\t<li>\u00d6ffnen Sie Google Chrome.<\/li>\r\n\t<li>Klicken Sie auf das Symbol \u201eExtras\u201c.<\/li>\r\n\t<li>W\u00e4hlen Sie \u201eEinstellungen\u201c und dann \u201eErweiterte Einstellungen\u201c.<\/li>\r\n\t<li>W\u00e4hlen Sie \u201eInhaltseinstellungen\u201c unter \u201eDatenschutz\u201c.<\/li>\r\n\t<li>Auf der Datei \u201eCookies und Websitedaten\u201c werden Sie nach bestimmten Cookies suchen und diese l\u00f6schen k\u00f6nnen.<\/li>\r\n<\/ol>\r\n\r\n<p>oder<\/p>\r\n\r\n<ol>\r\n\t<li>Geben Sie <em>chrome:\/\/settings\/cookie<\/em> in die Adressleiste ein und dr\u00fccken Sie <em>Senden<\/em>.<\/li>\r\n\t<li>Sie gelangen auf die Datei \u201eCookies und Websitedaten\u201c, wo Sie nach bestimmten Cookies suchen und diese l\u00f6schen k\u00f6nnen.<\/li>\r\n<\/ol>\r\n\r\n<p><strong>Safari:<\/strong><\/p>\r\n\r\n<ol>\r\n\t<li>\u00d6ffnen Sie Safari.<\/li>\r\n\t<li>W\u00e4hlen Sie in der Symbolleiste \u201eEinstellungen\u201c und w\u00e4hlen Sie im folgenden Dialog-Fenster \u201eSicherheit\u201c.<\/li>\r\n\t<li>Im Abschnitt \u201eCookies akzeptieren\u201c k\u00f6nnen Sie festlegen, ob und wann Safari Cookies von Websites speichern soll. F\u00fcr weitere Informationen klicken Sie auf die Schaltfl\u00e4che Hilfe (mit einem Fragezeichen markiert).<\/li>\r\n\t<li>F\u00fcr weitere Informationen \u00fcber die auf Ihrem Computer gespeicherten Cookies klicken Sie auf \u201eCookies anzeigen\u201c.<\/li>\r\n<\/ol>\r\n\r\n<p><strong>BEREITSTELLUNG DER DATENVERSORGUNG<\/strong><br \/>\r\nDie Bereitstellung der Daten ist optional.<br \/>\r\nDie Weigerung des Betroffenen, seine pers\u00f6nlichen Daten anzugeben, macht es dem Eigent\u00fcmer jedoch unm\u00f6glich, kommerzielle Vorschl\u00e4ge und Informationen \u00fcber die Aktivit\u00e4ten des Unternehmens zu \u00fcbermitteln.<\/p>\r\n\r\n<p><strong>MODALIT\u00c4TEN DER BEHANDLUNG PERSONENBEZOGENER DATEN<\/strong><br \/>\r\nDie personenbezogenen Daten werden durch automatisierte Tools f\u00fcr die Zeit verarbeitet, die notwendig ist, um die Zwecke, f\u00fcr die sie gesammelt wurden, zu erf\u00fcllen.<br \/>\r\nEs werden besondere Sicherheitsma\u00dfnahmen getroffen, um den Verlust von Daten, die unrechtm\u00e4\u00dfige oder fehlerhafte Nutzung und den unberechtigten Zugriff zu verhindern.<\/p>\r\n\r\n<p><br \/>\r\n<strong>RECHTE DER BETROFFENEN<\/strong><br \/>\r\nDer Betroffene hat das Recht, eine Best\u00e4tigung dar\u00fcber zu erhalten, ob die sie betreffenden personenbezogenen Daten und ihre Kommunikation in verst\u00e4ndlicher Form vorliegen.<br \/>\r\nDer Betroffene hat das Recht, den Inhalt und die Herkunft der personenbezogenen Daten zu kennen.<\/p>\r\n\r\n<p>Der Betroffene hat das Recht, Folgendes zu erwirken:<\/p>\r\n\r\n<p>a) Aktualisierung, Berichtigung bzw. sofern gew\u00fcnscht, die Erg\u00e4nzung von Daten;<br \/>\r\nb) die L\u00f6schung, \u00dcbertragung in anonyme Form oder die Blockierung der behandelten Daten bei Verletzung des Gesetzes, einschlie\u00dflich der Daten, die nicht zu den Zwecken, f\u00fcr die sie erhoben und nachfolgend verarbeitet wurden, aufbewahrt werden m\u00fcssen;<br \/>\r\nc) die Best\u00e4tigung, dass die unter den Buchstaben a) und b) genannten Handlungen denen zur Kenntnis gebracht werden, denen die Daten mitgeteilt wurden bzw. an die sie weitergegeben wurden, auch was ihren Inhalt betrifft, ausgenommen in dem Fall, in dem sich ein solches Vorgehen als unm\u00f6glich erweist oder zur Anwendung von Mitteln f\u00fchren w\u00fcrde, die dem Schutz des gesch\u00fctzten Rechtes offenkundig nicht angemessen w\u00e4ren.<\/p>\r\n\r\n<p>Der Betroffene hat das Recht, sich ganz oder teilweise zu widersetzen:<br \/>\r\na) aus legitimen Gr\u00fcnden der Verarbeitung der personenbezogenen Daten, die ihn betreffen, selbst wenn diese zum f\u00fcr die Erhebung genannten Zweck geh\u00f6ren;<br \/>\r\nb) der Verarbeitung von personenbezogenen Daten, die ihn betreffen, wenn diese zum Zweck des Versands von Werbematerialien, f\u00fcr Direktverkauf, f\u00fcr die Durchf\u00fchrung von Marktforschungen oder f\u00fcr den Versand von kommerziellen Mitteilungen verarbeitet werden.<br \/>\r\nIn jedem Fall steht es dem Interessenten jederzeit frei, die von ihm erteilten Einwilligungen zu widerrufen, indem er eine entsprechende Mitteilung ohne Formalit\u00e4ten an Fila Industria Chimica Spa unter der Adresse info@filasolutions.com sendet.<\/p>\r\n\n","protected":false},"excerpt":{"rendered":"","protected":false},"author":654,"featured_media":0,"parent":0,"menu_order":0,"comment_status":"closed","ping_status":"closed","template":"","meta":{"_acf_changed":false,"om_disable_all_campaigns":false,"_monsterinsights_skip_tracking":false,"_monsterinsights_sitenote_active":false,"_monsterinsights_sitenote_note":"","_monsterinsights_sitenote_category":0,"_uf_show_specific_survey":0,"_uf_disable_surveys":false,"ngg_post_thumbnail":0,"footnotes":""},"acf":[],"aioseo_notices":[],"_links":{"self":[{"href":"https:\/\/blog.filasolutions.com\/de\/wp-json\/wp\/v2\/pages\/7146"}],"collection":[{"href":"https:\/\/blog.filasolutions.com\/de\/wp-json\/wp\/v2\/pages"}],"about":[{"href":"https:\/\/blog.filasolutions.com\/de\/wp-json\/wp\/v2\/types\/page"}],"author":[{"embeddable":true,"href":"https:\/\/blog.filasolutions.com\/de\/wp-json\/wp\/v2\/users\/654"}],"replies":[{"embeddable":true,"href":"https:\/\/blog.filasolutions.com\/de\/wp-json\/wp\/v2\/comments?post=7146"}],"version-history":[{"count":0,"href":"https:\/\/blog.filasolutions.com\/de\/wp-json\/wp\/v2\/pages\/7146\/revisions"}],"wp:attachment":[{"href":"https:\/\/blog.filasolutions.com\/de\/wp-json\/wp\/v2\/media?parent=7146"}],"curies":[{"name":"wp","href":"https:\/\/api.w.org\/{rel}","templated":true}]}}