{"id":20659,"date":"2021-09-09T16:55:34","date_gmt":"2021-09-09T14:55:34","guid":{"rendered":"https:\/\/staging-blog.filasolutions.com\/superfici\/"},"modified":"2021-09-21T23:28:51","modified_gmt":"2021-09-21T21:28:51","slug":"superfici","status":"publish","type":"page","link":"https:\/\/blog.filasolutions.com\/es\/superfici\/","title":{"rendered":"Superficies"},"content":{"rendered":"\t\t<div data-elementor-type=\"wp-page\" data-elementor-id=\"20659\" class=\"elementor elementor-20659 elementor-19675\" data-elementor-post-type=\"page\">\n\t\t\t\t\t\t<section class=\"elementor-section elementor-top-section elementor-element elementor-element-4e979335 elementor-section-content-top elementor-section-boxed elementor-section-height-default elementor-section-height-default\" data-id=\"4e979335\" data-element_type=\"section\" data-settings=\"{&quot;background_background&quot;:&quot;classic&quot;}\">\n\t\t\t\t\t\t<div class=\"elementor-container elementor-column-gap-no\">\n\t\t\t\t\t<div class=\"elementor-column elementor-col-100 elementor-top-column elementor-element elementor-element-57642bce\" data-id=\"57642bce\" data-element_type=\"column\">\n\t\t\t<div class=\"elementor-widget-wrap elementor-element-populated\">\n\t\t\t\t\t\t<div class=\"elementor-element elementor-element-57248f4b elementor-widget elementor-widget-heading\" data-id=\"57248f4b\" data-element_type=\"widget\" data-widget_type=\"heading.default\">\n\t\t\t\t<div class=\"elementor-widget-container\">\n\t\t\t<style>\/*! elementor - v3.20.0 - 13-03-2024 *\/\n.elementor-heading-title{padding:0;margin:0;line-height:1}.elementor-widget-heading .elementor-heading-title[class*=elementor-size-]>a{color:inherit;font-size:inherit;line-height:inherit}.elementor-widget-heading .elementor-heading-title.elementor-size-small{font-size:15px}.elementor-widget-heading .elementor-heading-title.elementor-size-medium{font-size:19px}.elementor-widget-heading .elementor-heading-title.elementor-size-large{font-size:29px}.elementor-widget-heading .elementor-heading-title.elementor-size-xl{font-size:39px}.elementor-widget-heading .elementor-heading-title.elementor-size-xxl{font-size:59px}<\/style><h1 class=\"elementor-heading-title elementor-size-default\">Superficies<\/h1>\t\t<\/div>\n\t\t\t\t<\/div>\n\t\t\t\t<div class=\"elementor-element elementor-element-2394c7ba archive-superfici-grid  elementor-widget elementor-widget-shortcode\" data-id=\"2394c7ba\" data-element_type=\"widget\" data-widget_type=\"shortcode.default\">\n\t\t\t\t<div class=\"elementor-widget-container\">\n\t\t\t\t\t<div class=\"elementor-shortcode\"><div class=\"surfaces-list ecs-posts\"><div class=\"ecs-post-loop\"><div class=\"img-container\" style=\"background-image: url(https:\/\/blog.filasolutions.com\/wp-content\/uploads\/2021\/09\/materiali_cotto.webp);  \"><\/div><div class=\"content-post-carousel\"><h2><a href=\"https:\/\/blog.filasolutions.com\/es\/superficie\/barro-gres-extrusionado-y-ladrillo\/\">Barro, gres extrusionado y ladrillo<\/a><\/h2><\/div><div class=\"button-wrapper\"><a href=\"https:\/\/blog.filasolutions.com\/es\/superficie\/barro-gres-extrusionado-y-ladrillo\/\"><span class=\"elementor-button-content-wrapper\">   <span class=\"elementor-button-icon elementor-align-icon-right\">\t    <svg xmlns=\"http:\/\/www.w3.org\/2000\/svg\" viewBox=\"0 0 7.77 14.37\"><g id=\"Livello_2\" data-name=\"Livello 2\"><g id=\"Livello_1-2\" data-name=\"Livello 1\"><polygon points=\"0.38 0 0 0.39 6.99 7.18 0 13.98 0.38 14.37 7.78 7.18 0.38 0\"><\/polygon><\/g><\/g><\/svg><\/span>\t <span class=\"elementor-button-text\">ver todo<\/span><\/span><\/a><\/div><\/div><div class=\"ecs-post-loop\"><div class=\"img-container\" style=\"background-image: url(https:\/\/blog.filasolutions.com\/wp-content\/uploads\/2021\/09\/cemento-capannone451x241.webp);  \"><\/div><div class=\"content-post-carousel\"><h2><a href=\"https:\/\/blog.filasolutions.com\/es\/superficie\/cemento-es\/\">Cemento<\/a><\/h2><\/div><div class=\"button-wrapper\"><a href=\"https:\/\/blog.filasolutions.com\/es\/superficie\/cemento-es\/\"><span class=\"elementor-button-content-wrapper\">   <span class=\"elementor-button-icon elementor-align-icon-right\">\t    <svg xmlns=\"http:\/\/www.w3.org\/2000\/svg\" viewBox=\"0 0 7.77 14.37\"><g id=\"Livello_2\" data-name=\"Livello 2\"><g id=\"Livello_1-2\" data-name=\"Livello 1\"><polygon points=\"0.38 0 0 0.39 6.99 7.18 0 13.98 0.38 14.37 7.78 7.18 0.38 0\"><\/polygon><\/g><\/g><\/svg><\/span>\t <span class=\"elementor-button-text\">ver todo<\/span><\/span><\/a><\/div><\/div><div class=\"ecs-post-loop\"><div class=\"img-container\" style=\"background-image: url(https:\/\/blog.filasolutions.com\/wp-content\/uploads\/2021\/09\/cemento-capannone451x241.webp);  \"><\/div><div class=\"content-post-carousel\"><h2><a href=\"https:\/\/blog.filasolutions.com\/es\/superficie\/ciment\/\">Ciment<\/a><\/h2><\/div><div class=\"button-wrapper\"><a href=\"https:\/\/blog.filasolutions.com\/es\/superficie\/ciment\/\"><span class=\"elementor-button-content-wrapper\">   <span class=\"elementor-button-icon elementor-align-icon-right\">\t    <svg xmlns=\"http:\/\/www.w3.org\/2000\/svg\" viewBox=\"0 0 7.77 14.37\"><g id=\"Livello_2\" data-name=\"Livello 2\"><g id=\"Livello_1-2\" data-name=\"Livello 1\"><polygon points=\"0.38 0 0 0.39 6.99 7.18 0 13.98 0.38 14.37 7.78 7.18 0.38 0\"><\/polygon><\/g><\/g><\/svg><\/span>\t <span class=\"elementor-button-text\">ver todo<\/span><\/span><\/a><\/div><\/div><div class=\"ecs-post-loop\"><div class=\"img-container\" style=\"background-image: url(https:\/\/blog.filasolutions.com\/wp-content\/uploads\/2021\/09\/materiali_gres.webp);  \"><\/div><div class=\"content-post-carousel\"><h2><a href=\"https:\/\/blog.filasolutions.com\/es\/superficie\/gres-cerame-et-ceramiques\/\">Gr\u00e8s c\u00e9rame et c\u00e9ramiques<\/a><\/h2><\/div><div class=\"button-wrapper\"><a href=\"https:\/\/blog.filasolutions.com\/es\/superficie\/gres-cerame-et-ceramiques\/\"><span class=\"elementor-button-content-wrapper\">   <span class=\"elementor-button-icon elementor-align-icon-right\">\t    <svg xmlns=\"http:\/\/www.w3.org\/2000\/svg\" viewBox=\"0 0 7.77 14.37\"><g id=\"Livello_2\" data-name=\"Livello 2\"><g id=\"Livello_1-2\" data-name=\"Livello 1\"><polygon points=\"0.38 0 0 0.39 6.99 7.18 0 13.98 0.38 14.37 7.78 7.18 0.38 0\"><\/polygon><\/g><\/g><\/svg><\/span>\t <span class=\"elementor-button-text\">ver todo<\/span><\/span><\/a><\/div><\/div><div class=\"ecs-post-loop\"><div class=\"img-container\" style=\"background-image: url(https:\/\/blog.filasolutions.com\/wp-content\/uploads\/2021\/09\/materiali_gres.webp);  \"><\/div><div class=\"content-post-carousel\"><h2><a href=\"https:\/\/blog.filasolutions.com\/es\/superficie\/gres-porcelanico-y-ceramica\/\">Gres porcel\u00e1nico y cer\u00e1mica<\/a><\/h2><\/div><div class=\"button-wrapper\"><a href=\"https:\/\/blog.filasolutions.com\/es\/superficie\/gres-porcelanico-y-ceramica\/\"><span class=\"elementor-button-content-wrapper\">   <span class=\"elementor-button-icon elementor-align-icon-right\">\t    <svg xmlns=\"http:\/\/www.w3.org\/2000\/svg\" viewBox=\"0 0 7.77 14.37\"><g id=\"Livello_2\" data-name=\"Livello 2\"><g id=\"Livello_1-2\" data-name=\"Livello 1\"><polygon points=\"0.38 0 0 0.39 6.99 7.18 0 13.98 0.38 14.37 7.78 7.18 0.38 0\"><\/polygon><\/g><\/g><\/svg><\/span>\t <span class=\"elementor-button-text\">ver todo<\/span><\/span><\/a><\/div><\/div><div class=\"ecs-post-loop\"><div class=\"img-container\" style=\"background-image: url(https:\/\/blog.filasolutions.com\/wp-content\/uploads\/2021\/09\/fughe451x241.jpg);  \"><\/div><div class=\"content-post-carousel\"><h2><a href=\"https:\/\/blog.filasolutions.com\/es\/superficie\/juntas-cementosas\/\">Juntas cementosas<\/a><\/h2><\/div><div class=\"button-wrapper\"><a href=\"https:\/\/blog.filasolutions.com\/es\/superficie\/juntas-cementosas\/\"><span class=\"elementor-button-content-wrapper\">   <span class=\"elementor-button-icon elementor-align-icon-right\">\t    <svg xmlns=\"http:\/\/www.w3.org\/2000\/svg\" viewBox=\"0 0 7.77 14.37\"><g id=\"Livello_2\" data-name=\"Livello 2\"><g id=\"Livello_1-2\" data-name=\"Livello 1\"><polygon points=\"0.38 0 0 0.39 6.99 7.18 0 13.98 0.38 14.37 7.78 7.18 0.38 0\"><\/polygon><\/g><\/g><\/svg><\/span>\t <span class=\"elementor-button-text\">ver todo<\/span><\/span><\/a><\/div><\/div><div class=\"ecs-post-loop\"><div class=\"img-container\" style=\"background-image: url(https:\/\/blog.filasolutions.com\/wp-content\/uploads\/2021\/09\/materiali_legno.webp);  \"><\/div><div class=\"content-post-carousel\"><h2><a href=\"https:\/\/blog.filasolutions.com\/es\/superficie\/madera-y-parquet\/\">Madera y parquet<\/a><\/h2><\/div><div class=\"button-wrapper\"><a href=\"https:\/\/blog.filasolutions.com\/es\/superficie\/madera-y-parquet\/\"><span class=\"elementor-button-content-wrapper\">   <span class=\"elementor-button-icon elementor-align-icon-right\">\t    <svg xmlns=\"http:\/\/www.w3.org\/2000\/svg\" viewBox=\"0 0 7.77 14.37\"><g id=\"Livello_2\" data-name=\"Livello 2\"><g id=\"Livello_1-2\" data-name=\"Livello 1\"><polygon points=\"0.38 0 0 0.39 6.99 7.18 0 13.98 0.38 14.37 7.78 7.18 0.38 0\"><\/polygon><\/g><\/g><\/svg><\/span>\t <span class=\"elementor-button-text\">ver todo<\/span><\/span><\/a><\/div><\/div><div class=\"ecs-post-loop\"><div class=\"img-container\" style=\"background-image: url(https:\/\/blog.filasolutions.com\/wp-content\/uploads\/2021\/09\/marmo.jpg);  \"><\/div><div class=\"content-post-carousel\"><h2><a href=\"https:\/\/blog.filasolutions.com\/es\/superficie\/marmol\/\">Marmol<\/a><\/h2><\/div><div class=\"button-wrapper\"><a href=\"https:\/\/blog.filasolutions.com\/es\/superficie\/marmol\/\"><span class=\"elementor-button-content-wrapper\">   <span class=\"elementor-button-icon elementor-align-icon-right\">\t    <svg xmlns=\"http:\/\/www.w3.org\/2000\/svg\" viewBox=\"0 0 7.77 14.37\"><g id=\"Livello_2\" data-name=\"Livello 2\"><g id=\"Livello_1-2\" data-name=\"Livello 1\"><polygon points=\"0.38 0 0 0.39 6.99 7.18 0 13.98 0.38 14.37 7.78 7.18 0.38 0\"><\/polygon><\/g><\/g><\/svg><\/span>\t <span class=\"elementor-button-text\">ver todo<\/span><\/span><\/a><\/div><\/div><div class=\"ecs-post-loop\"><div class=\"img-container\" style=\"background-image: url(https:\/\/blog.filasolutions.com\/wp-content\/uploads\/2021\/09\/cementine-anteprima3.webp);  \"><\/div><div class=\"content-post-carousel\"><h2><a href=\"https:\/\/blog.filasolutions.com\/es\/superficie\/mosaico-hidraulico\/\">Mosaico Hidraulico<\/a><\/h2><\/div><div class=\"button-wrapper\"><a href=\"https:\/\/blog.filasolutions.com\/es\/superficie\/mosaico-hidraulico\/\"><span class=\"elementor-button-content-wrapper\">   <span class=\"elementor-button-icon elementor-align-icon-right\">\t    <svg xmlns=\"http:\/\/www.w3.org\/2000\/svg\" viewBox=\"0 0 7.77 14.37\"><g id=\"Livello_2\" data-name=\"Livello 2\"><g id=\"Livello_1-2\" data-name=\"Livello 1\"><polygon points=\"0.38 0 0 0.39 6.99 7.18 0 13.98 0.38 14.37 7.78 7.18 0.38 0\"><\/polygon><\/g><\/g><\/svg><\/span>\t <span class=\"elementor-button-text\">ver todo<\/span><\/span><\/a><\/div><\/div><div class=\"ecs-post-loop\"><div class=\"img-container\" style=\"background-image: url(https:\/\/blog.filasolutions.com\/wp-content\/uploads\/2021\/09\/materiali_pietra-1.webp);  \"><\/div><div class=\"content-post-carousel\"><h2><a href=\"https:\/\/blog.filasolutions.com\/es\/superficie\/natural-stones-and-agglomerates\/\">Natural stones and agglomerates<\/a><\/h2><\/div><div class=\"button-wrapper\"><a href=\"https:\/\/blog.filasolutions.com\/es\/superficie\/natural-stones-and-agglomerates\/\"><span class=\"elementor-button-content-wrapper\">   <span class=\"elementor-button-icon elementor-align-icon-right\">\t    <svg xmlns=\"http:\/\/www.w3.org\/2000\/svg\" viewBox=\"0 0 7.77 14.37\"><g id=\"Livello_2\" data-name=\"Livello 2\"><g id=\"Livello_1-2\" data-name=\"Livello 1\"><polygon points=\"0.38 0 0 0.39 6.99 7.18 0 13.98 0.38 14.37 7.78 7.18 0.38 0\"><\/polygon><\/g><\/g><\/svg><\/span>\t <span class=\"elementor-button-text\">ver todo<\/span><\/span><\/a><\/div><\/div><div class=\"ecs-post-loop\"><div class=\"img-container\" style=\"background-image: url(https:\/\/blog.filasolutions.com\/wp-content\/uploads\/2021\/09\/altrimateriali-anteprima.webp);  \"><\/div><div class=\"content-post-carousel\"><h2><a href=\"https:\/\/blog.filasolutions.com\/es\/superficie\/otros-materiales-tratamientos-especiales\/\">Otros materiales \u2013 tratamientos especiales<\/a><\/h2><\/div><div class=\"button-wrapper\"><a href=\"https:\/\/blog.filasolutions.com\/es\/superficie\/otros-materiales-tratamientos-especiales\/\"><span class=\"elementor-button-content-wrapper\">   <span class=\"elementor-button-icon elementor-align-icon-right\">\t    <svg xmlns=\"http:\/\/www.w3.org\/2000\/svg\" viewBox=\"0 0 7.77 14.37\"><g id=\"Livello_2\" data-name=\"Livello 2\"><g id=\"Livello_1-2\" data-name=\"Livello 1\"><polygon points=\"0.38 0 0 0.39 6.99 7.18 0 13.98 0.38 14.37 7.78 7.18 0.38 0\"><\/polygon><\/g><\/g><\/svg><\/span>\t <span class=\"elementor-button-text\">ver todo<\/span><\/span><\/a><\/div><\/div><div class=\"ecs-post-loop\"><div class=\"img-container\" style=\"background-image: url(https:\/\/blog.filasolutions.com\/wp-content\/uploads\/2021\/09\/resina451x241-1.jpg);  \"><\/div><div class=\"content-post-carousel\"><h2><a href=\"https:\/\/blog.filasolutions.com\/es\/superficie\/pavimentos-de-resina\/\">Pavimentos de resina<\/a><\/h2><\/div><div class=\"button-wrapper\"><a href=\"https:\/\/blog.filasolutions.com\/es\/superficie\/pavimentos-de-resina\/\"><span class=\"elementor-button-content-wrapper\">   <span class=\"elementor-button-icon elementor-align-icon-right\">\t    <svg xmlns=\"http:\/\/www.w3.org\/2000\/svg\" viewBox=\"0 0 7.77 14.37\"><g id=\"Livello_2\" data-name=\"Livello 2\"><g id=\"Livello_1-2\" data-name=\"Livello 1\"><polygon points=\"0.38 0 0 0.39 6.99 7.18 0 13.98 0.38 14.37 7.78 7.18 0.38 0\"><\/polygon><\/g><\/g><\/svg><\/span>\t <span class=\"elementor-button-text\">ver todo<\/span><\/span><\/a><\/div><\/div><div class=\"ecs-post-loop\"><div class=\"img-container\" style=\"background-image: url(https:\/\/blog.filasolutions.com\/wp-content\/uploads\/2021\/09\/materiali_pietra-1.webp);  \"><\/div><div class=\"content-post-carousel\"><h2><a href=\"https:\/\/blog.filasolutions.com\/es\/superficie\/piedra-natural-y-terrazos\/\">Piedra natural y terrazos<\/a><\/h2><\/div><div class=\"button-wrapper\"><a href=\"https:\/\/blog.filasolutions.com\/es\/superficie\/piedra-natural-y-terrazos\/\"><span class=\"elementor-button-content-wrapper\">   <span class=\"elementor-button-icon elementor-align-icon-right\">\t    <svg xmlns=\"http:\/\/www.w3.org\/2000\/svg\" viewBox=\"0 0 7.77 14.37\"><g id=\"Livello_2\" data-name=\"Livello 2\"><g id=\"Livello_1-2\" data-name=\"Livello 1\"><polygon points=\"0.38 0 0 0.39 6.99 7.18 0 13.98 0.38 14.37 7.78 7.18 0.38 0\"><\/polygon><\/g><\/g><\/svg><\/span>\t <span class=\"elementor-button-text\">ver todo<\/span><\/span><\/a><\/div><\/div><div class=\"ecs-post-loop\"><div class=\"img-container\" style=\"background-image: url(https:\/\/blog.filasolutions.com\/wp-content\/uploads\/2021\/09\/ridimensionata.jpg);  \"><\/div><div class=\"content-post-carousel\"><h2><a href=\"https:\/\/blog.filasolutions.com\/es\/superficie\/pvc-y-laminados\/\">PVC y laminados<\/a><\/h2><\/div><div class=\"button-wrapper\"><a href=\"https:\/\/blog.filasolutions.com\/es\/superficie\/pvc-y-laminados\/\"><span class=\"elementor-button-content-wrapper\">   <span class=\"elementor-button-icon elementor-align-icon-right\">\t    <svg xmlns=\"http:\/\/www.w3.org\/2000\/svg\" viewBox=\"0 0 7.77 14.37\"><g id=\"Livello_2\" data-name=\"Livello 2\"><g id=\"Livello_1-2\" data-name=\"Livello 1\"><polygon points=\"0.38 0 0 0.39 6.99 7.18 0 13.98 0.38 14.37 7.78 7.18 0.38 0\"><\/polygon><\/g><\/g><\/svg><\/span>\t <span class=\"elementor-button-text\">ver todo<\/span><\/span><\/a><\/div><\/div><\/div><\/div>\n\t\t\t\t<\/div>\n\t\t\t\t<\/div>\n\t\t\t\t\t<\/div>\n\t\t<\/div>\n\t\t\t\t\t<\/div>\n\t\t<\/section>\n\t\t\t\t<\/div>\n\t\t","protected":false},"excerpt":{"rendered":"","protected":false},"author":654,"featured_media":0,"parent":0,"menu_order":0,"comment_status":"closed","ping_status":"closed","template":"elementor_header_footer","meta":{"_acf_changed":false,"om_disable_all_campaigns":false,"_monsterinsights_skip_tracking":false,"_monsterinsights_sitenote_active":false,"_monsterinsights_sitenote_note":"","_monsterinsights_sitenote_category":0,"_uf_show_specific_survey":0,"_uf_disable_surveys":false,"ngg_post_thumbnail":0,"footnotes":""},"acf":[],"aioseo_notices":[],"_links":{"self":[{"href":"https:\/\/blog.filasolutions.com\/es\/wp-json\/wp\/v2\/pages\/20659"}],"collection":[{"href":"https:\/\/blog.filasolutions.com\/es\/wp-json\/wp\/v2\/pages"}],"about":[{"href":"https:\/\/blog.filasolutions.com\/es\/wp-json\/wp\/v2\/types\/page"}],"author":[{"embeddable":true,"href":"https:\/\/blog.filasolutions.com\/es\/wp-json\/wp\/v2\/users\/654"}],"replies":[{"embeddable":true,"href":"https:\/\/blog.filasolutions.com\/es\/wp-json\/wp\/v2\/comments?post=20659"}],"version-history":[{"count":0,"href":"https:\/\/blog.filasolutions.com\/es\/wp-json\/wp\/v2\/pages\/20659\/revisions"}],"wp:attachment":[{"href":"https:\/\/blog.filasolutions.com\/es\/wp-json\/wp\/v2\/media?parent=20659"}],"curies":[{"name":"wp","href":"https:\/\/api.w.org\/{rel}","templated":true}]}}