{"id":7145,"date":"2018-06-28T09:15:24","date_gmt":"2018-06-28T08:15:24","guid":{"rendered":"https:\/\/blog.filasolutions.com\/privacy\/"},"modified":"2020-10-20T20:10:22","modified_gmt":"2020-10-20T18:10:22","slug":"privacy","status":"publish","type":"page","link":"https:\/\/blog.filasolutions.com\/fr\/privacy\/","title":{"rendered":"Privacy"},"content":{"rendered":"<p><strong>LA POLITIQUE DE CONFIDENTIALIT\u00c9 DU PRESENT SITE<\/strong><\/p>\r\n\r\n<p><strong>LE BUT DES INFORMATIONS<\/strong><br \/>\r\n<br \/>\r\nLe but de cette page est de d\u00e9crire la gestion du site en r\u00e9f\u00e9rence au traitement des donn\u00e9es personnelles des utilisateurs qui le consultent, qui seront trait\u00e9es selon des r\u00e8gles de l\u00e9galit\u00e9, d\u2019\u00e9quit\u00e9, de pertinence et non d\u2019exc\u00e8s.<br \/>\r\nCes informations sont \u00e9galement fournies \u00e0 ceux qui interagissent avec les services <em>internet<\/em> de Fila Industria Chimica Spa, accessibles via internet depuis l\u2019adresse\u00a0: filasolutions.com, correspondant \u00e0 la page initiale du site officiel de Fila Industria Chimica Spa.<br \/>\r\n<br \/>\r\nLes informations ne sont fournies que pour le site de Fila Industria Chimica Spa, et non pour les autres sites <em>internet<\/em> qui peuvent \u00eatre consult\u00e9s par l\u2019utilisateur via le <em>lien<\/em>.<br \/>\r\n\u00a0<\/p>\r\n\r\n<p><strong>TITULAIRE ET RESPONSABLE<\/strong><\/p>\r\n\r\n<p>Le Titulaire des traitements d\u00e9crits est Fila Industria Chimica Spa, ayant son si\u00e8ge social \u00e0 Via Garibaldi, 58 - 35018 San Martino di Lupari (PD) - Italy.<br \/>\r\nLes op\u00e9rations de traitement seront effectu\u00e9es par des pr\u00e9pos\u00e9s d\u00e9sign\u00e9s par le Titulaire et\/ou par le Responsable du traitement et agiront sous leur autorit\u00e9 directe en se conformant aux instructions re\u00e7ues.<\/p>\r\n\r\n<p><strong>Les personnes \u00e0 qui les donn\u00e9es \u00e0 caract\u00e8re personnel peuvent \u00eatre communiqu\u00e9es ou qui peuvent en prendre connaissance en leur qualit\u00e9 de responsable ou de pr\u00e9pos\u00e9s au traitement.<\/strong><\/p>\r\n\r\n<p>Vos donn\u00e9es pourront \u00eatre communiqu\u00e9es \u00e0 des soci\u00e9t\u00e9s externes avec qui [RAGIONE\u00a0SOCIALE] d\u00e9cidera de collaborer et qui garantiront, en tout \u00e9tat de cause, l\u2019adoption de crit\u00e8res de s\u00e9curit\u00e9 et de confidentialit\u00e9 \u00e9quivalents \u00e0 ceux adopt\u00e9s par [RAGIONE\u00a0SOCIALE] en intervenant en qualit\u00e9 de Responsables externes du traitement.<br \/>\r\nVos donn\u00e9es \u00e0 caract\u00e8re personnel pourront \u00eatre communiqu\u00e9es \u00e0 des tiers pour remplir des obligations l\u00e9gales, pour ob\u00e9ir aux ordres d\u2019autorit\u00e9s publiques ou pour exercer un droit devant les tribunaux. En outre, sous r\u00e9serve de votre consentement pr\u00e9alable, vos donn\u00e9es pourront \u00eatre communiqu\u00e9es \u00e0 des soci\u00e9t\u00e9s tierces comme indiqu\u00e9 au point d) de la note d\u2019information.<\/p>\r\n\r\n<p><br \/>\r\n<strong>TYPES DE DONN\u00c9ES TRAIT\u00c9ES<\/strong><\/p>\r\n\r\n<p><em>4) Donn\u00e9es de navigation<\/em><br \/>\r\n<br \/>\r\nLes syst\u00e8mes informatiques et les proc\u00e9dures <em>de logiciels<\/em> utilis\u00e9s aux fins du fonctionnement de ce site <em>internet<\/em> acqui\u00e8rent, au cours de leur exploitation normale, certaines donn\u00e9es personnelles (i.e <em>log files<\/em>) dont la transmission est implicite dans l\u2019utilisation des protocoles de communication d\u2019Internet.<br \/>\r\n<br \/>\r\nCes informations ne sont pas recueillies en vue d\u2019\u00eatre associ\u00e9es aux personnes concern\u00e9es mais, de par leur nature m\u00eame, elles pourraient permettre d\u2019identifier lesdites personnes si elles \u00e9taient trait\u00e9es et recoup\u00e9es avec d\u2019autres donn\u00e9es d\u00e9tenues par des tiers.<br \/>\r\n<br \/>\r\nCette cat\u00e9gorie de donn\u00e9es comprend les adresses IP ou les noms de domaine des ordinateurs utilis\u00e9s par les utilisateurs qui se connectent au site, les adresses en notation <em>URI (Uniform Resource Identifier)<\/em>, des ressources demand\u00e9es, l\u2019heure de la demande, la m\u00e9thode utilis\u00e9e pour soumettre la requ\u00eate au serveur, la taille du fichier obtenu en r\u00e9ponse, le code num\u00e9rique indiquant l\u2019\u00e9tat de la r\u00e9ponse donn\u00e9e par le <em>serveur <\/em>(succ\u00e8s, erreur, etc. ...) et d\u2019autres param\u00e8tres concernant le syst\u00e8me d\u2019exploitation et l\u2019environnement informatique de l\u2019utilisateur.<br \/>\r\n<br \/>\r\nCes donn\u00e9es sont utilis\u00e9es uniquement pour obtenir des statistiques anonymes sur l\u2019utilisation du site et pour v\u00e9rifier son bon fonctionnement. Les donn\u00e9es pourraient \u00eatre utilis\u00e9es pour d\u00e9terminer la responsabilit\u00e9 en cas d\u2019hypoth\u00e9tiques d\u00e9lits informatiques contre le site et pourront \u00eatre pr\u00e9sent\u00e9es \u00e0 l\u2019Autorit\u00e9 judiciaire, si celle-ci en fait la demande expresse.<\/p>\r\n\r\n<p><em>Donn\u00e9es fournies volontairement par l\u2019utilisateur<\/em><br \/>\r\nL\u2019envoi facultatif, explicite et volontaire de courrier \u00e9lectronique, explicite et volontaire aux adresses r\u00e9pertori\u00e9es sur ce site implique l\u2019acquisition successive de l\u2019exp\u00e9diteur, n\u00e9cessaire pour r\u00e9pondre aux demandes, ainsi que des autres donn\u00e9es personnelles incluses dans le message, le cas \u00e9ch\u00e9ant.<br \/>\r\nLes informations sp\u00e9cifiques de synth\u00e8se seront progressivement report\u00e9es ou affich\u00e9es sur les pages du site d\u00e9di\u00e9es \u00e0 des services particuliers sur demande.<\/p>\r\n\r\n<p><br \/>\r\n<strong>INFORMATIONS SUR LES COOKIES<\/strong><br \/>\r\n<br \/>\r\n<em>Qu\u2019est-ce qu\u2019un cookie\u00a0?<\/em><br \/>\r\nQu\u2019est-ce qu\u2019un cookie\u00a0? Un cookie est un petit fichier texte qui est stock\u00e9 par votre ordinateur lorsqu\u2019un site internet est visit\u00e9 par un utilisateur. Le texte stocke des informations que le site peut lire lors d\u2019une consultation ult\u00e9rieure. Certains de ces cookies sont n\u00e9cessaires au bon fonctionnement du site, d\u2019autres sont utiles au visiteur car ils peuvent stocker en toute s\u00e9curit\u00e9, par exemple le nom d\u2019utilisateur ou les param\u00e8tres de langue. L\u2019avantage d\u2019avoir des cookies install\u00e9s sur votre ordinateur est que vous n\u2019avez plus besoin de remplir les m\u00eames informations chaque fois que vous voulez acc\u00e9der \u00e0 un site que vous avez visit\u00e9 pr\u00e9c\u00e9demment.<br \/>\r\n<br \/>\r\n<em>Pourquoi <\/em>[RAGIONE\u00a0SOCIALE] <em>utilisez-vous des cookies\u00a0?<\/em><br \/>\r\n[RAGIONE\u00a0SOCIALE] utilise des cookies afin d\u2019offrir \u00e0 ses clients une exp\u00e9rience de navigation adapt\u00e9e autant que possible \u00e0 leurs go\u00fbts et pr\u00e9f\u00e9rences. Gr\u00e2ce aux cookies, [RAGIONE\u00a0SOCIALE] garantit que chaque fois que vous visitez le site, vous n\u2019avez pas besoin de recevoir ou d\u2019entrer les m\u00eames informations. Les cookies sont \u00e9galement utilis\u00e9s pour optimiser les performances du site internet\u00a0: ils facilitent le processus d\u2019achat final et la recherche rapide d\u2019\u00e9l\u00e9ments et de produits sp\u00e9cifiques sur le site internet. Afin de prot\u00e9ger les donn\u00e9es personnelles contre la perte et contre toute forme de traitement illicite, [RAGIONE\u00a0SOCIALE] a pris des mesures techniques et organisationnelles appropri\u00e9es.<br \/>\r\n<br \/>\r\n<em>Cookies de premi\u00e8re partie<\/em>>Cookies de premi\u00e8re partie<br \/>\r\nLes cookies de premi\u00e8re partie sont des cookies g\u00e9n\u00e9r\u00e9s et utilis\u00e9s par l\u2019op\u00e9rateur du site sur lequel l\u2019utilisateur navigue. Ces cookies, techniques et de performance, sont limit\u00e9s : dans le premier cas, \u00e0 la transmission d\u2019identifiants de session (compos\u00e9s de nombres al\u00e9atoires g\u00e9n\u00e9r\u00e9s par le serveur) qui permettent une navigation s\u00fbre et efficace du site internet ; dans le second cas, utilis\u00e9 \u00e0 des fins statistiques pour d\u00e9tecter les utilisateurs uniques, le contenu visionn\u00e9 ou t\u00e9l\u00e9charg\u00e9, etc. Les donn\u00e9es sont stock\u00e9es de mani\u00e8re anonyme et sont utilis\u00e9es de mani\u00e8re agr\u00e9g\u00e9e. En particulier, pour d\u00e9sactiver les cookies Google Analytics, vous pouvez utiliser un add-on fourni par Google. Pour l\u2019installer, vous devez <a href=\"https:\/\/tools.google.com\/dlpage\/gaoptout?hl=it\" target=\"_blank\">cliquer ici<\/a>.<br \/>\r\n<br \/>\r\n<em>Cookies de tiers<\/em><br \/>\r\nLes cookies de tiers (third-part cookies), tels que celui d\u00e9fini par le bouton \u00ab\u00a0J\u2019aime\u00a0\u00bb de Facebook, sont des cookies g\u00e9n\u00e9r\u00e9s et utilis\u00e9s par des tiers autres que l\u2019op\u00e9rateur du site sur lequel l\u2019utilisateur navigue, sur la base de contrats entre le propri\u00e9taire du site internet et le tiers concern\u00e9. Certains annonceurs utilisent ces cookies pour suivre vos visites sur les sites o\u00f9 ils offrent leurs services.<br \/>\r\n<br \/>\r\n<em>Comment d\u00e9sactiver les cookies\u00a0?<\/em><br \/>\r\nVous pouvez modifier votre navigateur pour d\u00e9sactiver les cookies \u00e0 l\u2019aide d\u2019une proc\u00e9dure tr\u00e8s simple. Attention : en d\u00e9sactivant les cookies, le nom d\u2019utilisateur et le mot de passe ne seront plus stock\u00e9s dans la bo\u00eete de connexion du site.<\/p>\r\n\r\n<p><strong>Firefox\u00a0:<\/strong><\/p>\r\n\r\n<ol>\r\n\t<li>Ouvrez Firefox<\/li>\r\n\t<li>Appuyez sur le bouton \u00ab\u00a0Alt\u00a0\u00bb du clavier.<\/li>\r\n\t<li>Dans la barre d\u2019outils en haut de votre navigateur, s\u00e9lectionnez \u00ab\u00a0Outils\u00a0\u00bb, puis \u00ab\u00a0Options\u00a0\u00bb.<\/li>\r\n\t<li>S\u00e9lectionnez ensuite l\u2019onglet \u00ab\u00a0Confidentialit\u00e9\u00a0\u00bb.<\/li>\r\n\t<li>Allez dans \u00ab\u00a0Param\u00e8tres Chronologie\u00a0\u00bb, et ensuite dans \u00ab\u00a0Utiliser param\u00e8tres personnalis\u00e9s\u00a0\u00bb. D\u00e9cochez la case \u00ab\u00a0Accepter les cookies des sites\u00a0\u00bb et enregistrez vos pr\u00e9f\u00e9rences.<\/li>\r\n<\/ol>\r\n\r\n<p><strong>Internet Explorer\u00a0:<\/strong><\/p>\r\n\r\n<ol>\r\n\t<li>Ouvrez Internet Explorer.<\/li>\r\n\t<li>Cliquez sur le bouton \u00ab\u00a0Outils\u00a0\u00bb, puis sur \u00ab\u00a0Options Internet\u00a0\u00bb.<\/li>\r\n\t<li>S\u00e9lectionnez l\u2019onglet \u00ab\u00a0Confidentialit\u00e9\u00a0\u00bbet d\u00e9placez le curseur jusqu\u2019au niveau de confidentialit\u00e9 que vous souhaitez d\u00e9finir (en haut pour bloquer tous les cookies ou en bas pour autoriser tous les cookies).<\/li>\r\n\t<li>Cliquez ensuite sur OK.<\/li>\r\n<\/ol>\r\n\r\n<p><strong>Google Chrome\u00a0:<\/strong><\/p>\r\n\r\n<ol>\r\n\t<li>Ouvrez Google Chrome<\/li>\r\n\t<li>Cliquez sur l\u2019ic\u00f4ne \u00ab\u00a0Outils\u00a0\u00bb.<\/li>\r\n\t<li>S\u00e9lectionnez \u00ab\u00a0Param\u00e8tres\", puis \u00ab\u00a0Param\u00e8tres avanc\u00e9s\u00a0\u00bb.<\/li>\r\n\t<li>S\u00e9lectionnez \u00ab\u00a0Param\u00e8tres de contenu\u00a0\u00bb sous \u00ab\u00a0Confidentialit\u00e9\u00a0\u00bb.<\/li>\r\n\t<li>Dans l\u2019onglet \u00ab\u00a0Cookies et donn\u00e9es du site\u00a0\u00bb o\u00f9 vous pouvez rechercher et supprimer des cookies sp\u00e9cifiques.<\/li>\r\n<\/ol>\r\n\r\n<p>ou<\/p>\r\n\r\n<ol>\r\n\t<li>Tapez <em>chrome:\/\/settings\/cookie<\/em> dans la barre des adresses et appuyez sur <em>envoi<\/em>.<\/li>\r\n\t<li>Vous acc\u00e9derez \u00e0 l\u2019onglet \u00ab\u00a0Cookies et donn\u00e9es du site\u00a0\u00bb o\u00f9 vous pouvez rechercher et supprimer des cookies sp\u00e9cifiques.<\/li>\r\n<\/ol>\r\n\r\n<p><strong>Safari\u00a0:<\/strong><\/p>\r\n\r\n<ol>\r\n\t<li>Ouvrez Safari.<\/li>\r\n\t<li>Choisissez \u00ab\u00a0Pr\u00e9f\u00e9rences\u00a0\u00bb dans la barre d\u2019outils, puis s\u00e9lectionnez le panneau \u00ab\u00a0S\u00e9curit\u00e9\u00a0\u00bb dans la bo\u00eete de dialogue suivante.<\/li>\r\n\t<li>Dans la section \u00ab\u00a0Accepter les cookies\u00a0\u00bb, vous pouvez sp\u00e9cifier si et quand Safari doit stocker les cookies des sites internet. Pour plus d\u2019informations, cliquez sur le bouton Aide (marqu\u00e9 d\u2019un point d\u2019interrogation).<\/li>\r\n\t<li>Pour plus d\u2019informations sur les cookies stock\u00e9s sur votre ordinateur, cliquez sur \u00ab\u00a0Afficher les cookies\u00a0\u00bb.<\/li>\r\n<\/ol>\r\n\r\n<p><strong>COMMUNICATION FACULTATIVE DES DONN\u00c9ES<\/strong><br \/>\r\nLa communication des donn\u00e9es est facultative.<br \/>\r\nToutefois, le refus de l\u2019int\u00e9ress\u00e9 de fournir ses donn\u00e9es personnelles emp\u00eachera le Propri\u00e9taire d\u2019envoyer des propositions commerciales et des informations sur les activit\u00e9s de l\u2019entreprise.<\/p>\r\n\r\n<p><strong>MODALIT\u00c9S DE TRAITEMENT<\/strong><br \/>\r\nLes donn\u00e9es personnelles sont trait\u00e9es par des outils automatis\u00e9s ou non, uniquement pendant le temps strictement n\u00e9cessaire pour atteindre les fins pour lesquelles elles ont \u00e9t\u00e9 collect\u00e9es.<br \/>\r\nDes mesures de s\u00e9curit\u00e9 sp\u00e9cifiques sont observ\u00e9es pour pr\u00e9venir la perte de donn\u00e9es, les utilisations illicites ou incorrectes et les acc\u00e8s non autoris\u00e9s.<\/p>\r\n\r\n<p><strong>DROITS DES INT\u00c9RESS\u00c9S<\/strong><br \/>\r\nL\u2019int\u00e9ress\u00e9 a le droit d\u2019obtenir la confirmation de l\u2019existence ou pas de donn\u00e9es \u00e0 caract\u00e8re personnel le concernant et leur communication sous une forme intelligible.<br \/>\r\nL\u2019int\u00e9ress\u00e9 a le droit de conna\u00eetre le contenu et l\u2019origine des donn\u00e9es \u00e0 caract\u00e8re personnel.<\/p>\r\n\r\n<p>L\u2019int\u00e9ress\u00e9 a \u00e9galement le droit d\u2019obtenir\u00a0:<\/p>\r\n\r\n<p>a) la mise \u00e0 jour, la rectification ou, s\u2019il y a int\u00e9r\u00eat, de compl\u00e9ter les donn\u00e9es\u00a0;<br \/>\r\nb) la suppression, la transformation sous forme anonyme ou le blocage des donn\u00e9es trait\u00e9es ill\u00e9galement, y compris celles dont la conservation n\u2019est pas n\u00e9cessaire pour les finalit\u00e9s pour lesquelles elles ont \u00e9t\u00e9 collect\u00e9es ou ensuite trait\u00e9es\u00a0;<br \/>\r\nc) l\u2019attestation que les op\u00e9rations vis\u00e9es aux lettres a) et b) ont \u00e9t\u00e9 port\u00e9es \u00e0 la connaissance, m\u00eame en ce qui concerne leur contenu, des personnes \u00e0 qui les donn\u00e9es ont \u00e9t\u00e9 communiqu\u00e9es ou diffus\u00e9es, sauf si cela s\u2019av\u00e8re impossible ou n\u00e9cessite l\u2019utilisation de moyens manifestement disproportionn\u00e9s par rapport au droit \u00e0 prot\u00e9ger.<\/p>\r\n\r\n<p>L\u2019int\u00e9ress\u00e9 a le droit de s\u2019opposer, en tout ou partie\u00a0:<\/p>\r\n\r\n<p>a) pour des raisons l\u00e9gitimes, au traitement des donn\u00e9es \u00e0 caract\u00e8re personnel le concernant, m\u00eame si elles se rattachent \u00e0 la finalit\u00e9 de la collecte\u00a0;<br \/>\r\nb) au traitement des donn\u00e9es \u00e0 caract\u00e8re personnel le concernant pour envoyer du mat\u00e9riel publicitaire ou de vente directe ou pour effectuer des \u00e9tudes de march\u00e9 ou de communication commerciale.<\/p>\r\n\r\n<p>En tout \u00e9tat de cause, l\u2019int\u00e9ress\u00e9 restera libre de r\u00e9voquer \u00e0 tout moment les consentements donn\u00e9s en envoyant, sans aucune formalit\u00e9, une communication en ce sens \u00e0 Fila Industria Chimica Spa, \u00e0 l\u2019adresse info@filasolutions.com<\/p>\r\n\r\n<p>\u00a0<\/p>\r\n\n","protected":false},"excerpt":{"rendered":"","protected":false},"author":654,"featured_media":0,"parent":0,"menu_order":0,"comment_status":"closed","ping_status":"closed","template":"","meta":{"_acf_changed":false,"om_disable_all_campaigns":false,"_monsterinsights_skip_tracking":false,"_monsterinsights_sitenote_active":false,"_monsterinsights_sitenote_note":"","_monsterinsights_sitenote_category":0,"_uf_show_specific_survey":0,"_uf_disable_surveys":false,"ngg_post_thumbnail":0,"footnotes":""},"acf":[],"aioseo_notices":[],"_links":{"self":[{"href":"https:\/\/blog.filasolutions.com\/fr\/wp-json\/wp\/v2\/pages\/7145"}],"collection":[{"href":"https:\/\/blog.filasolutions.com\/fr\/wp-json\/wp\/v2\/pages"}],"about":[{"href":"https:\/\/blog.filasolutions.com\/fr\/wp-json\/wp\/v2\/types\/page"}],"author":[{"embeddable":true,"href":"https:\/\/blog.filasolutions.com\/fr\/wp-json\/wp\/v2\/users\/654"}],"replies":[{"embeddable":true,"href":"https:\/\/blog.filasolutions.com\/fr\/wp-json\/wp\/v2\/comments?post=7145"}],"version-history":[{"count":0,"href":"https:\/\/blog.filasolutions.com\/fr\/wp-json\/wp\/v2\/pages\/7145\/revisions"}],"wp:attachment":[{"href":"https:\/\/blog.filasolutions.com\/fr\/wp-json\/wp\/v2\/media?parent=7145"}],"curies":[{"name":"wp","href":"https:\/\/api.w.org\/{rel}","templated":true}]}}